{"id":31,"date":"2020-11-19T18:31:12","date_gmt":"2020-11-19T18:31:12","guid":{"rendered":"http:\/\/do-handmade.pl\/?page_id=31"},"modified":"2020-11-20T20:54:45","modified_gmt":"2020-11-20T20:54:45","slug":"o-mnie","status":"publish","type":"page","link":"http:\/\/do-handmade.pl\/?page_id=31","title":{"rendered":"O mnie"},"content":{"rendered":"\n<p>Cze\u015b\u0107, Mam na imi\u0119 Dorota. Od zawsze uwielbia\u0142am rob\u00f3tki r\u0119czne. G\u0142\u00f3wnie s\u0105 to rzeczy wykonane na szyde\u0142ku lub przy u\u017cyciu koralik\u00f3w. W obu dziedzinach ca\u0142y czas si\u0119 rozwijam szukaj\u0105c nowych wyzwa\u0144. Dok\u0142adam wszelkich stara\u0144 aby bi\u017cuteria przeze mnie wykonana by\u0142a &#8220;u\u017cywalna&#8221; ale te\u017c aby wyr\u00f3\u017cnia\u0142a si\u0119 na tle og\u00f3lnodost\u0119pnej bi\u017cuterii. Na moim blogu prezentuj\u0119 najciekawsze swoje projekty i prace.<\/p>\n","protected":false},"excerpt":{"rendered":"<p>Cze\u015b\u0107, Mam na imi\u0119 Dorota. Od zawsze uwielbia\u0142am rob\u00f3tki r\u0119czne. G\u0142\u00f3wnie s\u0105 to rzeczy wykonane na szyde\u0142ku lub przy u\u017cyciu koralik\u00f3w. W obu dziedzinach ca\u0142y czas si\u0119 rozwijam szukaj\u0105c nowych wyzwa\u0144. Dok\u0142adam wszelkich stara\u0144 aby bi\u017cuteria przeze mnie wykonana by\u0142a &#8220;u\u017cywalna&#8221; ale te\u017c aby wyr\u00f3\u017cnia\u0142a si\u0119 na tle og\u00f3lnodost\u0119pnej bi\u017cuterii. Na moim blogu prezentuj\u0119 najciekawsze swoje projekty i prace.<\/p>\n","protected":false},"author":1,"featured_media":0,"parent":0,"menu_order":0,"comment_status":"closed","ping_status":"closed","template":"","meta":[],"_links":{"self":[{"href":"http:\/\/do-handmade.pl\/index.php?rest_route=\/wp\/v2\/pages\/31"}],"collection":[{"href":"http:\/\/do-handmade.pl\/index.php?rest_route=\/wp\/v2\/pages"}],"about":[{"href":"http:\/\/do-handmade.pl\/index.php?rest_route=\/wp\/v2\/types\/page"}],"author":[{"embeddable":true,"href":"http:\/\/do-handmade.pl\/index.php?rest_route=\/wp\/v2\/users\/1"}],"replies":[{"embeddable":true,"href":"http:\/\/do-handmade.pl\/index.php?rest_route=%2Fwp%2Fv2%2Fcomments&post=31"}],"version-history":[{"count":2,"href":"http:\/\/do-handmade.pl\/index.php?rest_route=\/wp\/v2\/pages\/31\/revisions"}],"predecessor-version":[{"id":53,"href":"http:\/\/do-handmade.pl\/index.php?rest_route=\/wp\/v2\/pages\/31\/revisions\/53"}],"wp:attachment":[{"href":"http:\/\/do-handmade.pl\/index.php?rest_route=%2Fwp%2Fv2%2Fmedia&parent=31"}],"curies":[{"name":"wp","href":"https:\/\/api.w.org\/{rel}","templated":true}]}}